{"id":9178,"date":"2025-11-20T10:28:38","date_gmt":"2025-11-20T09:28:38","guid":{"rendered":"https:\/\/millinium.dk\/photo-and-video-production\/"},"modified":"2025-11-20T10:45:34","modified_gmt":"2025-11-20T09:45:34","slug":"photo-and-video-production","status":"publish","type":"page","link":"https:\/\/millinium.dk\/en\/photo-and-video-production\/","title":{"rendered":"Photo and video production"},"content":{"rendered":"\t\t<div data-elementor-type=\"wp-page\" data-elementor-id=\"9178\" class=\"elementor elementor-9178 elementor-9141\" data-elementor-post-type=\"page\">\n\t\t\t\t<div class=\"elementor-element elementor-element-155ab520 e-con-full e-flex e-con e-parent\" data-id=\"155ab520\" data-element_type=\"container\">\n\t\t\t\t<div class=\"elementor-element elementor-element-25f3833c elementor-widget elementor-widget-template\" data-id=\"25f3833c\" data-element_type=\"widget\" data-widget_type=\"template.default\">\n\t\t\t\t<div class=\"elementor-widget-container\">\n\t\t\t\t\t\t\t<div class=\"elementor-template\">\n\t\t\t\t\t<div data-elementor-type=\"container\" data-elementor-id=\"6542\" class=\"elementor elementor-6542\" data-elementor-post-type=\"elementor_library\">\n\t\t\t\t<div class=\"elementor-element elementor-element-2bc4b5ab white e-flex e-con-boxed e-con e-parent\" data-id=\"2bc4b5ab\" data-element_type=\"container\" data-settings=\"{&quot;background_background&quot;:&quot;classic&quot;}\">\n\t\t\t\t\t<div class=\"e-con-inner\">\n\t\t\t\t<div class=\"elementor-element elementor-element-76aa15a9 elementor-widget elementor-widget-text-editor\" data-id=\"76aa15a9\" data-element_type=\"widget\" data-widget_type=\"text-editor.default\">\n\t\t\t\t<div class=\"elementor-widget-container\">\n\t\t\t\t\t\t\t\t\tLad os st\u00e5 for din n\u00e6ste opgave. Her kan du f\u00e5 et indblik i, hvad vi kan hj\u00e6lpe dig med p\u00e5 dette omr\u00e5de.\t\t\t\t\t\t\t\t<\/div>\n\t\t\t\t<\/div>\n\t\t\t\t<div class=\"elementor-element elementor-element-1d645c29 elementor-icon-list--layout-inline elementor-align-center elementor-list-item-link-full_width elementor-widget elementor-widget-icon-list\" data-id=\"1d645c29\" data-element_type=\"widget\" data-widget_type=\"icon-list.default\">\n\t\t\t\t<div class=\"elementor-widget-container\">\n\t\t\t\t\t\t\t<ul class=\"elementor-icon-list-items elementor-inline-items\">\n\t\t\t\t\t\t\t<li class=\"elementor-icon-list-item elementor-inline-item\">\n\t\t\t\t\t\t\t\t\t\t\t<a href=\"tel:21466150\">\n\n\t\t\t\t\t\t\t\t\t\t\t<span class=\"elementor-icon-list-text\">(+45) 21 46 61 50<\/span>\n\t\t\t\t\t\t\t\t\t\t\t<\/a>\n\t\t\t\t\t\t\t\t\t<\/li>\n\t\t\t\t\t\t\t\t<li class=\"elementor-icon-list-item elementor-inline-item\">\n\t\t\t\t\t\t\t\t\t\t\t<a href=\"mailto:info@millinium.dk\">\n\n\t\t\t\t\t\t\t\t\t\t\t<span class=\"elementor-icon-list-text\">info@millinium.dk<\/span>\n\t\t\t\t\t\t\t\t\t\t\t<\/a>\n\t\t\t\t\t\t\t\t\t<\/li>\n\t\t\t\t\t\t<\/ul>\n\t\t\t\t\t\t<\/div>\n\t\t\t\t<\/div>\n\t\t\t\t\t<\/div>\n\t\t\t\t<\/div>\n\t\t\t\t<\/div>\n\t\t\t\t<\/div>\n\t\t\t\t\t\t<\/div>\n\t\t\t\t<\/div>\n\t\t\t\t<\/div>\n\t\t<div class=\"elementor-element elementor-element-5df0e9b9 e-flex e-con-boxed e-con e-parent\" data-id=\"5df0e9b9\" data-element_type=\"container\">\n\t\t\t\t\t<div class=\"e-con-inner\">\n\t\t<div class=\"elementor-element elementor-element-33619e35 e-con-full e-flex e-con e-child\" data-id=\"33619e35\" data-element_type=\"container\">\n\t\t\t\t<div class=\"elementor-element elementor-element-31c483b1 elementor-widget elementor-widget-text-editor\" data-id=\"31c483b1\" data-element_type=\"widget\" data-widget_type=\"text-editor.default\">\n\t\t\t\t<div class=\"elementor-widget-container\">\n\t\t\t\t\t\t\t\t\t<h3>Photo and video production<\/h3>\n<p>Photo and video production is an integrated part of our work with the topics we cover.<\/p>\n<p>It can be images and illustrations for presentations or videos where we interview a source or describe a topic.<\/p>\n<p>We can offer a complete solution where we work with presentations and strategic input and as a supplement create images and video where it makes sense.<\/p>\n\t\t\t\t\t\t\t\t<\/div>\n\t\t\t\t<\/div>\n\t\t\t\t<\/div>\n\t\t<div class=\"elementor-element elementor-element-78b195a4 e-con-full e-flex e-con e-child\" data-id=\"78b195a4\" data-element_type=\"container\" data-settings=\"{&quot;background_background&quot;:&quot;slideshow&quot;,&quot;background_slideshow_gallery&quot;:[{&quot;id&quot;:9059,&quot;url&quot;:&quot;https:\\\/\\\/millinium.dk\\\/wp-content\\\/uploads\\\/2025\\\/01\\\/8Z6H4799-1-scaled.jpg&quot;},{&quot;id&quot;:9055,&quot;url&quot;:&quot;https:\\\/\\\/millinium.dk\\\/wp-content\\\/uploads\\\/2025\\\/01\\\/DSC07315-scaled.jpg&quot;},{&quot;id&quot;:9045,&quot;url&quot;:&quot;https:\\\/\\\/millinium.dk\\\/wp-content\\\/uploads\\\/2025\\\/01\\\/IMG_3245-scaled.jpg&quot;}],&quot;background_slideshow_loop&quot;:&quot;yes&quot;,&quot;background_slideshow_slide_duration&quot;:5000,&quot;background_slideshow_slide_transition&quot;:&quot;fade&quot;,&quot;background_slideshow_transition_duration&quot;:500}\">\n\t\t\t\t<\/div>\n\t\t\t\t\t<\/div>\n\t\t\t\t<\/div>\n\t\t<div class=\"elementor-element elementor-element-6a8b7d8 e-con-full e-flex e-con e-parent\" data-id=\"6a8b7d8\" data-element_type=\"container\">\n\t\t\t\t<div class=\"elementor-element elementor-element-1fe6342e elementor-widget elementor-widget-template\" data-id=\"1fe6342e\" data-element_type=\"widget\" data-widget_type=\"template.default\">\n\t\t\t\t<div class=\"elementor-widget-container\">\n\t\t\t\t\t\t\t<div class=\"elementor-template\">\n\t\t\t\t\t<div data-elementor-type=\"container\" data-elementor-id=\"8960\" class=\"elementor elementor-8960 elementor-5165\" data-elementor-post-type=\"elementor_library\">\n\t\t\t\t<div class=\"elementor-element elementor-element-293089d white e-flex e-con-boxed e-con e-parent\" data-id=\"293089d\" data-element_type=\"container\" data-settings=\"{&quot;background_background&quot;:&quot;classic&quot;}\">\n\t\t\t\t\t<div class=\"e-con-inner\">\n\t\t\t\t<div class=\"elementor-element elementor-element-cb9870c elementor-widget__width-initial elementor-widget elementor-widget-text-editor\" data-id=\"cb9870c\" data-element_type=\"widget\" data-widget_type=\"text-editor.default\">\n\t\t\t\t<div class=\"elementor-widget-container\">\n\t\t\t\t\t\t\t\t\t<h6 style=\"text-align: center;\">Contact us today<\/h6>\n<h3 style=\"text-align: center;\">Want to know more?<\/h3>\n<p style=\"text-align: center;\">If you don&#8217;t find enough information about your desired task here on our website, you are always welcome to contact us for a non-binding chat and possibly a quote for the task.<\/p>\n<p style=\"text-align: center;\">Call us on <a href=\"tel:21466150\">(+45) 21 46 61 50<\/a> or send an email to <a href=\"mailto:info@millinium.dk\">info@millinium.dk<\/a>. We will respond to your inquiry as soon as possible.<\/p>\n\t\t\t\t\t\t\t\t<\/div>\n\t\t\t\t<\/div>\n\t\t\t\t<div class=\"elementor-element elementor-element-ffaa54e elementor-align-center cta elementor-widget elementor-widget-button\" data-id=\"ffaa54e\" data-element_type=\"widget\" data-widget_type=\"button.default\">\n\t\t\t\t<div class=\"elementor-widget-container\">\n\t\t\t\t\t\t\t\t\t<div class=\"elementor-button-wrapper\">\n\t\t\t\t\t<a class=\"elementor-button elementor-button-link elementor-size-sm\" href=\"https:\/\/millinium.dk\/kontakt\/\">\n\t\t\t\t\t\t<span class=\"elementor-button-content-wrapper\">\n\t\t\t\t\t\t\t\t\t<span class=\"elementor-button-text\">Contact us today<\/span>\n\t\t\t\t\t<\/span>\n\t\t\t\t\t<\/a>\n\t\t\t\t<\/div>\n\t\t\t\t\t\t\t\t<\/div>\n\t\t\t\t<\/div>\n\t\t\t\t\t<\/div>\n\t\t\t\t<\/div>\n\t\t\t\t<\/div>\n\t\t\t\t<\/div>\n\t\t\t\t\t\t<\/div>\n\t\t\t\t<\/div>\n\t\t\t\t<\/div>\n\t\t\t\t<\/div>\n\t\t","protected":false},"excerpt":{"rendered":"<p>Photo and video production Photo and video production is an integrated part of our work with the topics we cover. It can be images and illustrations for presentations or videos where we interview a source or describe a topic. We can offer a complete solution where we work with presentations and strategic input and as &#8230; <a title=\"Photo and video production\" class=\"read-more\" href=\"https:\/\/millinium.dk\/en\/photo-and-video-production\/\" aria-label=\"Read more about Photo and video production\">Read more<\/a><\/p>\n","protected":false},"author":5,"featured_media":0,"parent":0,"menu_order":0,"comment_status":"closed","ping_status":"closed","template":"","meta":{"_acf_changed":false,"footnotes":""},"categories":[],"class_list":["post-9178","page","type-page","status-publish"],"acf":[],"yoast_head":"<!-- This site is optimized with the Yoast SEO plugin v27.3 - https:\/\/yoast.com\/product\/yoast-seo-wordpress\/ -->\n<title>Photo and video production | Millinium<\/title>\n<meta name=\"robots\" content=\"index, follow, max-snippet:-1, max-image-preview:large, max-video-preview:-1\" \/>\n<link rel=\"canonical\" href=\"https:\/\/millinium.dk\/en\/photo-and-video-production\/\" \/>\n<meta property=\"og:locale\" content=\"en_US\" \/>\n<meta property=\"og:type\" content=\"article\" \/>\n<meta property=\"og:title\" content=\"Photo and video production | Millinium\" \/>\n<meta property=\"og:description\" content=\"Photo and video production Photo and video production is an integrated part of our work with the topics we cover. It can be images and illustrations for presentations or videos where we interview a source or describe a topic. We can offer a complete solution where we work with presentations and strategic input and as ... Read more\" \/>\n<meta property=\"og:url\" content=\"https:\/\/millinium.dk\/en\/photo-and-video-production\/\" \/>\n<meta property=\"og:site_name\" content=\"Millinium\" \/>\n<meta property=\"article:modified_time\" content=\"2025-11-20T09:45:34+00:00\" \/>\n<meta name=\"twitter:card\" content=\"summary_large_image\" \/>\n<script type=\"application\/ld+json\" class=\"yoast-schema-graph\">{\"@context\":\"https:\\\/\\\/schema.org\",\"@graph\":[{\"@type\":\"WebPage\",\"@id\":\"https:\\\/\\\/millinium.dk\\\/en\\\/photo-and-video-production\\\/\",\"url\":\"https:\\\/\\\/millinium.dk\\\/en\\\/photo-and-video-production\\\/\",\"name\":\"Photo and video production | Millinium\",\"isPartOf\":{\"@id\":\"https:\\\/\\\/millinium.dk\\\/en\\\/#website\"},\"datePublished\":\"2025-11-20T09:28:38+00:00\",\"dateModified\":\"2025-11-20T09:45:34+00:00\",\"breadcrumb\":{\"@id\":\"https:\\\/\\\/millinium.dk\\\/en\\\/photo-and-video-production\\\/#breadcrumb\"},\"inLanguage\":\"en-US\",\"potentialAction\":[{\"@type\":\"ReadAction\",\"target\":[\"https:\\\/\\\/millinium.dk\\\/en\\\/photo-and-video-production\\\/\"]}]},{\"@type\":\"BreadcrumbList\",\"@id\":\"https:\\\/\\\/millinium.dk\\\/en\\\/photo-and-video-production\\\/#breadcrumb\",\"itemListElement\":[{\"@type\":\"ListItem\",\"position\":1,\"name\":\"Forside\",\"item\":\"https:\\\/\\\/millinium.dk\\\/en\\\/\"},{\"@type\":\"ListItem\",\"position\":2,\"name\":\"Photo and video production\"}]},{\"@type\":\"WebSite\",\"@id\":\"https:\\\/\\\/millinium.dk\\\/en\\\/#website\",\"url\":\"https:\\\/\\\/millinium.dk\\\/en\\\/\",\"name\":\"Millinium\",\"description\":\"Mediekonsulent og foredragsholder\",\"publisher\":{\"@id\":\"https:\\\/\\\/millinium.dk\\\/en\\\/#organization\"},\"potentialAction\":[{\"@type\":\"SearchAction\",\"target\":{\"@type\":\"EntryPoint\",\"urlTemplate\":\"https:\\\/\\\/millinium.dk\\\/en\\\/?s={search_term_string}\"},\"query-input\":{\"@type\":\"PropertyValueSpecification\",\"valueRequired\":true,\"valueName\":\"search_term_string\"}}],\"inLanguage\":\"en-US\"},{\"@type\":\"Organization\",\"@id\":\"https:\\\/\\\/millinium.dk\\\/en\\\/#organization\",\"name\":\"Millinium\",\"url\":\"https:\\\/\\\/millinium.dk\\\/en\\\/\",\"logo\":{\"@type\":\"ImageObject\",\"inLanguage\":\"en-US\",\"@id\":\"https:\\\/\\\/millinium.dk\\\/en\\\/#\\\/schema\\\/logo\\\/image\\\/\",\"url\":\"https:\\\/\\\/millinium.dk\\\/wp-content\\\/uploads\\\/2024\\\/08\\\/logo.svg\",\"contentUrl\":\"https:\\\/\\\/millinium.dk\\\/wp-content\\\/uploads\\\/2024\\\/08\\\/logo.svg\",\"caption\":\"Millinium\"},\"image\":{\"@id\":\"https:\\\/\\\/millinium.dk\\\/en\\\/#\\\/schema\\\/logo\\\/image\\\/\"}}]}<\/script>\n<!-- \/ Yoast SEO plugin. -->","yoast_head_json":{"title":"Photo and video production | Millinium","robots":{"index":"index","follow":"follow","max-snippet":"max-snippet:-1","max-image-preview":"max-image-preview:large","max-video-preview":"max-video-preview:-1"},"canonical":"https:\/\/millinium.dk\/en\/photo-and-video-production\/","og_locale":"en_US","og_type":"article","og_title":"Photo and video production | Millinium","og_description":"Photo and video production Photo and video production is an integrated part of our work with the topics we cover. It can be images and illustrations for presentations or videos where we interview a source or describe a topic. We can offer a complete solution where we work with presentations and strategic input and as ... Read more","og_url":"https:\/\/millinium.dk\/en\/photo-and-video-production\/","og_site_name":"Millinium","article_modified_time":"2025-11-20T09:45:34+00:00","twitter_card":"summary_large_image","schema":{"@context":"https:\/\/schema.org","@graph":[{"@type":"WebPage","@id":"https:\/\/millinium.dk\/en\/photo-and-video-production\/","url":"https:\/\/millinium.dk\/en\/photo-and-video-production\/","name":"Photo and video production | Millinium","isPartOf":{"@id":"https:\/\/millinium.dk\/en\/#website"},"datePublished":"2025-11-20T09:28:38+00:00","dateModified":"2025-11-20T09:45:34+00:00","breadcrumb":{"@id":"https:\/\/millinium.dk\/en\/photo-and-video-production\/#breadcrumb"},"inLanguage":"en-US","potentialAction":[{"@type":"ReadAction","target":["https:\/\/millinium.dk\/en\/photo-and-video-production\/"]}]},{"@type":"BreadcrumbList","@id":"https:\/\/millinium.dk\/en\/photo-and-video-production\/#breadcrumb","itemListElement":[{"@type":"ListItem","position":1,"name":"Forside","item":"https:\/\/millinium.dk\/en\/"},{"@type":"ListItem","position":2,"name":"Photo and video production"}]},{"@type":"WebSite","@id":"https:\/\/millinium.dk\/en\/#website","url":"https:\/\/millinium.dk\/en\/","name":"Millinium","description":"Mediekonsulent og foredragsholder","publisher":{"@id":"https:\/\/millinium.dk\/en\/#organization"},"potentialAction":[{"@type":"SearchAction","target":{"@type":"EntryPoint","urlTemplate":"https:\/\/millinium.dk\/en\/?s={search_term_string}"},"query-input":{"@type":"PropertyValueSpecification","valueRequired":true,"valueName":"search_term_string"}}],"inLanguage":"en-US"},{"@type":"Organization","@id":"https:\/\/millinium.dk\/en\/#organization","name":"Millinium","url":"https:\/\/millinium.dk\/en\/","logo":{"@type":"ImageObject","inLanguage":"en-US","@id":"https:\/\/millinium.dk\/en\/#\/schema\/logo\/image\/","url":"https:\/\/millinium.dk\/wp-content\/uploads\/2024\/08\/logo.svg","contentUrl":"https:\/\/millinium.dk\/wp-content\/uploads\/2024\/08\/logo.svg","caption":"Millinium"},"image":{"@id":"https:\/\/millinium.dk\/en\/#\/schema\/logo\/image\/"}}]}},"_links":{"self":[{"href":"https:\/\/millinium.dk\/en\/wp-json\/wp\/v2\/pages\/9178","targetHints":{"allow":["GET"]}}],"collection":[{"href":"https:\/\/millinium.dk\/en\/wp-json\/wp\/v2\/pages"}],"about":[{"href":"https:\/\/millinium.dk\/en\/wp-json\/wp\/v2\/types\/page"}],"author":[{"embeddable":true,"href":"https:\/\/millinium.dk\/en\/wp-json\/wp\/v2\/users\/5"}],"replies":[{"embeddable":true,"href":"https:\/\/millinium.dk\/en\/wp-json\/wp\/v2\/comments?post=9178"}],"version-history":[{"count":1,"href":"https:\/\/millinium.dk\/en\/wp-json\/wp\/v2\/pages\/9178\/revisions"}],"predecessor-version":[{"id":9179,"href":"https:\/\/millinium.dk\/en\/wp-json\/wp\/v2\/pages\/9178\/revisions\/9179"}],"wp:attachment":[{"href":"https:\/\/millinium.dk\/en\/wp-json\/wp\/v2\/media?parent=9178"}],"wp:term":[{"taxonomy":"category","embeddable":true,"href":"https:\/\/millinium.dk\/en\/wp-json\/wp\/v2\/categories?post=9178"}],"curies":[{"name":"wp","href":"https:\/\/api.w.org\/{rel}","templated":true}]}}